{"id":14594,"date":"2024-12-14T18:36:49","date_gmt":"2024-12-14T16:36:49","guid":{"rendered":"https:\/\/plush74.com\/?page_id=14594"},"modified":"2024-12-14T18:42:52","modified_gmt":"2024-12-14T16:42:52","slug":"convert-square-feet-to-square-meters-online-calculator","status":"publish","type":"page","link":"https:\/\/plush74.com\/de\/convert-square-feet-to-square-meters-online-calculator\/","title":{"rendered":"Quadratfu\u00df in Quadratmeter umrechnen - Online-Rechner"},"content":{"rendered":"<div data-elementor-type=\"wp-page\" data-elementor-id=\"14594\" class=\"elementor elementor-14594\" data-elementor-post-type=\"page\">\n\t\t\t\t<div class=\"elementor-element elementor-element-692ca34 e-flex e-con-boxed e-con e-parent\" data-id=\"692ca34\" data-element_type=\"container\">\n\t\t\t\t\t<div class=\"e-con-inner\">\n\t\t\r\n\t\t<div class=\"elementor-element elementor-element-95cd8df elementor-widget elementor-widget-heading\" data-id=\"95cd8df\" data-element_type=\"widget\" data-widget_type=\"heading.default\">\n\t\t\t\t<div class=\"elementor-widget-container\">\n\t\t\t<h2 class=\"elementor-heading-title elementor-size-default\">Quadratfu\u00df in Quadratmeter umrechnen - Online-Rechner<\/h2>\t\t<\/div>\n\t\t\t\t<\/div>\n\t\t\t\t<div class=\"elementor-element elementor-element-4798d4a elementor-widget elementor-widget-html\" data-id=\"4798d4a\" data-element_type=\"widget\" data-widget_type=\"html.default\">\n\t\t\t\t<div class=\"elementor-widget-container\">\n\t\t\t<!DOCTYPE html>\r\n<html lang=\"en\">\r\n<head>\r\n    <meta charset=\"UTF-8\">\r\n    <meta name=\"viewport\" content=\"width=device-width, initial-scale=1.0\">\r\n    <title>Quadratfu\u00df in Quadratmeter umrechnen - Online-Rechner<\/title>\r\n    <style>\r\n        .calculator-container {\r\n            font-family: Arial, sans-serif;\r\n            margin: 0;\r\n            padding: 10px;\r\n            background: transparent;\r\n            color: #333;\r\n            display: flex;\r\n            justify-content: center;\r\n            align-items: center;\r\n            box-sizing: border-box;\r\n        }\r\n        .calculator {\r\n            background: #fff;\r\n            border-radius: 10px;\r\n            padding: 15px;\r\n            box-shadow: 0 4px 8px rgba(0, 0, 0, 0.1);\r\n            text-align: center;\r\n            max-width: 100%;\r\n            width: auto;\r\n        }\r\n        .calculator h1 {\r\n            font-size: 20px;\r\n            margin-bottom: 15px;\r\n        }\r\n        .input-group {\r\n            margin-bottom: 10px;\r\n        }\r\n        .input-group label {\r\n            display: block;\r\n            margin-bottom: 5px;\r\n            font-weight: bold;\r\n        }\r\n        .input-group input {\r\n            width: 100%;\r\n            padding: 8px;\r\n            border: 1px solid #ccc;\r\n            border-radius: 5px;\r\n            font-size: 16px;\r\n        }\r\n        .result {\r\n            margin-top: 15px;\r\n            font-size: 16px;\r\n            font-weight: bold;\r\n        }\r\n        .extra-info {\r\n            margin-top: 15px;\r\n            font-size: 12px;\r\n            color: #555;\r\n        }\r\n        .extra-info a {\r\n            color: #007BFF;\r\n            text-decoration: none;\r\n        }\r\n        .extra-info a:hover {\r\n            text-decoration: underline;\r\n        }\r\n    <\/style>\r\n<\/head>\r\n<body>\r\n    <div class=\"calculator-container\">\r\n        <div class=\"calculator\">\r\n            <h1>Quadratfu\u00df zu Quadratmetern<\/h1>\r\n            <div class=\"input-group\">\r\n                <label for=\"squareFeet\">Geben Sie die Fl\u00e4che in Quadratfu\u00df ein:<\/label>\r\n                <input type=\"number\" id=\"squareFeet\" placeholder=\"z.B., 100\" oninput=\"convertToSquareMeters()\">\r\n            <\/div>\r\n            <div class=\"result\" id=\"result\">Geben Sie einen Wert ein, um das Ergebnis zu sehen.<\/div>\r\n            <div class=\"extra-info\">\r\n                <p>Wussten Sie schon? 1 Quadratmeter entspricht ungef\u00e4hr 10,764 Quadratfu\u00df. Erfahren Sie mehr \u00fcber <a href=\"https:\/\/en.wikipedia.org\/wiki\/Square_metre\" target=\"_blank\">Fl\u00e4chenumwandlungen<\/a>.<\/p>\r\n            <\/div>\r\n        <\/div>\r\n    <\/div>\r\n\r\n    <script>\r\n        function convertToSquareMeters() {\r\n            const squareFeet = document.getElementById('squareFeet').value;\r\n            const resultElement = document.getElementById('result');\r\n\r\n            if (squareFeet.trim() === '' || isNaN(squareFeet)) {\r\n                resultElement.textContent = 'Please enter a valid number.';\r\n                return;\r\n            }\r\n\r\n            const squareMeters = (squareFeet * 0.092903).toFixed(4);\r\n            resultElement.textContent = `${squareFeet} square feet = ${squareMeters} square meters`;\r\n        }\r\n    <\/script>\r\n<\/body>\r\n<\/html>\r\n\t\t<\/div>\n\t\t\t\t<\/div>\n\t\t\t\t<div class=\"elementor-element elementor-element-505c33f elementor-widget elementor-widget-text-editor\" data-id=\"505c33f\" data-element_type=\"widget\" data-widget_type=\"text-editor.default\">\n\t\t\t\t<div class=\"elementor-widget-container\">\n\t\t\t\t\t\t\t<p style=\"text-align: center;\">Sie wollen konvertieren <b>Quadratfu\u00df zu Quadratmeter<\/b>? Unser interaktiver Rechner liefert sofortige und genaue Ergebnisse, um Ihre Projekte zu vereinfachen. Ganz gleich, ob Sie R\u00e4ume f\u00fcr Hausrenovierungen, Immobilien oder Bauvorhaben ausmessen m\u00f6chten, mit diesem Tool ist die Umrechnung m\u00fchelos. Geben Sie einfach Ihre Quadratmeterzahl ein und sehen Sie das Ergebnis in Quadratmetern.<\/p>\t\t\t\t\t\t<\/div>\n\t\t\t\t<\/div>\n\t\t\t\t\t<\/div>\n\t\t\t\t<\/div>\n\t\t\t\t<\/div>","protected":false},"excerpt":{"rendered":"<p>Umrechnung von Quadratfu\u00df in Quadratmeter - Online-Rechner Umrechnung von Quadratfu\u00df in Quadratmeter - Online-Rechner Quadratfu\u00df in Quadratmeter Geben Sie die Fl\u00e4che in Quadratfu\u00df ein: Geben Sie einen Wert ein, um das Ergebnis zu sehen. Wussten Sie schon? 1 Quadratmeter ist ungef\u00e4hr 10,764 Quadratfu\u00df gro\u00df. Erfahren Sie mehr \u00fcber Fl\u00e4chenumrechnungen. Sie m\u00f6chten Quadratmeter umrechnen [...]<\/p>","protected":false},"author":1,"featured_media":0,"parent":0,"menu_order":0,"comment_status":"closed","ping_status":"closed","template":"elementor_header_footer","meta":{"_acf_changed":false,"footnotes":""},"class_list":["post-14594","page","type-page","status-publish","hentry"],"acf":[],"yoast_head":"<!-- This site is optimized with the Yoast SEO plugin v25.3 - https:\/\/yoast.com\/wordpress\/plugins\/seo\/ -->\n<title>Convert Square Feet to Square Meters - Online Calculator<\/title>\n<meta name=\"description\" content=\"Easily convert square feet to square meters with our free, interactive calculator. Enter any value to get instant, accurate results. Perfect for home projects and professionals!\" \/>\n<meta name=\"robots\" content=\"index, follow, max-snippet:-1, max-image-preview:large, max-video-preview:-1\" \/>\n<link rel=\"canonical\" href=\"https:\/\/plush74.com\/de\/convert-square-feet-to-square-meters-online-calculator\/\" \/>\n<meta property=\"og:locale\" content=\"de_DE\" \/>\n<meta property=\"og:type\" content=\"article\" \/>\n<meta property=\"og:title\" content=\"Convert Square Feet to Square Meters - Online Calculator\" \/>\n<meta property=\"og:description\" content=\"Easily convert square feet to square meters with our free, interactive calculator. Enter any value to get instant, accurate results. Perfect for home projects and professionals!\" \/>\n<meta property=\"og:url\" content=\"https:\/\/plush74.com\/de\/convert-square-feet-to-square-meters-online-calculator\/\" \/>\n<meta property=\"og:site_name\" content=\"Plush74\" \/>\n<meta property=\"article:modified_time\" content=\"2024-12-14T16:42:52+00:00\" \/>\n<meta name=\"twitter:card\" content=\"summary_large_image\" \/>\n<meta name=\"twitter:label1\" content=\"Gesch\u00e4tzte Lesezeit\" \/>\n\t<meta name=\"twitter:data1\" content=\"1\u00a0Minute\" \/>\n<script type=\"application\/ld+json\" class=\"yoast-schema-graph\">{\"@context\":\"https:\/\/schema.org\",\"@graph\":[{\"@type\":\"WebPage\",\"@id\":\"https:\/\/plush74.com\/convert-square-feet-to-square-meters-online-calculator\/\",\"url\":\"https:\/\/plush74.com\/convert-square-feet-to-square-meters-online-calculator\/\",\"name\":\"Convert Square Feet to Square Meters - Online Calculator\",\"isPartOf\":{\"@id\":\"https:\/\/plush74.com\/#website\"},\"datePublished\":\"2024-12-14T16:36:49+00:00\",\"dateModified\":\"2024-12-14T16:42:52+00:00\",\"description\":\"Easily convert square feet to square meters with our free, interactive calculator. Enter any value to get instant, accurate results. Perfect for home projects and professionals!\",\"breadcrumb\":{\"@id\":\"https:\/\/plush74.com\/convert-square-feet-to-square-meters-online-calculator\/#breadcrumb\"},\"inLanguage\":\"de\",\"potentialAction\":[{\"@type\":\"ReadAction\",\"target\":[\"https:\/\/plush74.com\/convert-square-feet-to-square-meters-online-calculator\/\"]}]},{\"@type\":\"BreadcrumbList\",\"@id\":\"https:\/\/plush74.com\/convert-square-feet-to-square-meters-online-calculator\/#breadcrumb\",\"itemListElement\":[{\"@type\":\"ListItem\",\"position\":1,\"name\":\"Startseite\",\"item\":\"https:\/\/plush74.com\/\"},{\"@type\":\"ListItem\",\"position\":2,\"name\":\"Convert Square Feet to Square Meters &#8211; Online Calculator\"}]},{\"@type\":\"WebSite\",\"@id\":\"https:\/\/plush74.com\/#website\",\"url\":\"https:\/\/plush74.com\/\",\"name\":\"Plush74\",\"description\":\"Locations with Character\",\"publisher\":{\"@id\":\"https:\/\/plush74.com\/#organization\"},\"potentialAction\":[{\"@type\":\"SearchAction\",\"target\":{\"@type\":\"EntryPoint\",\"urlTemplate\":\"https:\/\/plush74.com\/?s={search_term_string}\"},\"query-input\":{\"@type\":\"PropertyValueSpecification\",\"valueRequired\":true,\"valueName\":\"search_term_string\"}}],\"inLanguage\":\"de\"},{\"@type\":\"Organization\",\"@id\":\"https:\/\/plush74.com\/#organization\",\"name\":\"Plush74\",\"url\":\"https:\/\/plush74.com\/\",\"logo\":{\"@type\":\"ImageObject\",\"inLanguage\":\"de\",\"@id\":\"https:\/\/plush74.com\/#\/schema\/logo\/image\/\",\"url\":\"https:\/\/plush74.com\/wp-content\/uploads\/2020\/08\/cropped-IG-Signet-512px.jpg\",\"contentUrl\":\"https:\/\/plush74.com\/wp-content\/uploads\/2020\/08\/cropped-IG-Signet-512px.jpg\",\"width\":512,\"height\":512,\"caption\":\"Plush74\"},\"image\":{\"@id\":\"https:\/\/plush74.com\/#\/schema\/logo\/image\/\"},\"sameAs\":[\"https:\/\/www.instagram.com\/plush.74\/\",\"https:\/\/www.linkedin.com\/company\/plush74\"]}]}<\/script>\n<!-- \/ Yoast SEO plugin. -->","yoast_head_json":{"title":"Convert Square Feet to Square Meters - Online Calculator","description":"Easily convert square feet to square meters with our free, interactive calculator. Enter any value to get instant, accurate results. Perfect for home projects and professionals!","robots":{"index":"index","follow":"follow","max-snippet":"max-snippet:-1","max-image-preview":"max-image-preview:large","max-video-preview":"max-video-preview:-1"},"canonical":"https:\/\/plush74.com\/de\/convert-square-feet-to-square-meters-online-calculator\/","og_locale":"de_DE","og_type":"article","og_title":"Convert Square Feet to Square Meters - Online Calculator","og_description":"Easily convert square feet to square meters with our free, interactive calculator. Enter any value to get instant, accurate results. Perfect for home projects and professionals!","og_url":"https:\/\/plush74.com\/de\/convert-square-feet-to-square-meters-online-calculator\/","og_site_name":"Plush74","article_modified_time":"2024-12-14T16:42:52+00:00","twitter_card":"summary_large_image","twitter_misc":{"Gesch\u00e4tzte Lesezeit":"1\u00a0Minute"},"schema":{"@context":"https:\/\/schema.org","@graph":[{"@type":"WebPage","@id":"https:\/\/plush74.com\/convert-square-feet-to-square-meters-online-calculator\/","url":"https:\/\/plush74.com\/convert-square-feet-to-square-meters-online-calculator\/","name":"Convert Square Feet to Square Meters - Online Calculator","isPartOf":{"@id":"https:\/\/plush74.com\/#website"},"datePublished":"2024-12-14T16:36:49+00:00","dateModified":"2024-12-14T16:42:52+00:00","description":"Easily convert square feet to square meters with our free, interactive calculator. Enter any value to get instant, accurate results. Perfect for home projects and professionals!","breadcrumb":{"@id":"https:\/\/plush74.com\/convert-square-feet-to-square-meters-online-calculator\/#breadcrumb"},"inLanguage":"de","potentialAction":[{"@type":"ReadAction","target":["https:\/\/plush74.com\/convert-square-feet-to-square-meters-online-calculator\/"]}]},{"@type":"BreadcrumbList","@id":"https:\/\/plush74.com\/convert-square-feet-to-square-meters-online-calculator\/#breadcrumb","itemListElement":[{"@type":"ListItem","position":1,"name":"Startseite","item":"https:\/\/plush74.com\/"},{"@type":"ListItem","position":2,"name":"Convert Square Feet to Square Meters &#8211; Online Calculator"}]},{"@type":"WebSite","@id":"https:\/\/plush74.com\/#website","url":"https:\/\/plush74.com\/","name":"Plush74","description":"Locations with Character","publisher":{"@id":"https:\/\/plush74.com\/#organization"},"potentialAction":[{"@type":"SearchAction","target":{"@type":"EntryPoint","urlTemplate":"https:\/\/plush74.com\/?s={search_term_string}"},"query-input":{"@type":"PropertyValueSpecification","valueRequired":true,"valueName":"search_term_string"}}],"inLanguage":"de"},{"@type":"Organization","@id":"https:\/\/plush74.com\/#organization","name":"Plush74","url":"https:\/\/plush74.com\/","logo":{"@type":"ImageObject","inLanguage":"de","@id":"https:\/\/plush74.com\/#\/schema\/logo\/image\/","url":"https:\/\/plush74.com\/wp-content\/uploads\/2020\/08\/cropped-IG-Signet-512px.jpg","contentUrl":"https:\/\/plush74.com\/wp-content\/uploads\/2020\/08\/cropped-IG-Signet-512px.jpg","width":512,"height":512,"caption":"Plush74"},"image":{"@id":"https:\/\/plush74.com\/#\/schema\/logo\/image\/"},"sameAs":["https:\/\/www.instagram.com\/plush.74\/","https:\/\/www.linkedin.com\/company\/plush74"]}]}},"_links":{"self":[{"href":"https:\/\/plush74.com\/de\/wp-json\/wp\/v2\/pages\/14594"}],"collection":[{"href":"https:\/\/plush74.com\/de\/wp-json\/wp\/v2\/pages"}],"about":[{"href":"https:\/\/plush74.com\/de\/wp-json\/wp\/v2\/types\/page"}],"author":[{"embeddable":true,"href":"https:\/\/plush74.com\/de\/wp-json\/wp\/v2\/users\/1"}],"replies":[{"embeddable":true,"href":"https:\/\/plush74.com\/de\/wp-json\/wp\/v2\/comments?post=14594"}],"version-history":[{"count":13,"href":"https:\/\/plush74.com\/de\/wp-json\/wp\/v2\/pages\/14594\/revisions"}],"predecessor-version":[{"id":14609,"href":"https:\/\/plush74.com\/de\/wp-json\/wp\/v2\/pages\/14594\/revisions\/14609"}],"wp:attachment":[{"href":"https:\/\/plush74.com\/de\/wp-json\/wp\/v2\/media?parent=14594"}],"curies":[{"name":"wp","href":"https:\/\/api.w.org\/{rel}","templated":true}]}}